{"id":14466,"date":"2022-02-23T11:05:59","date_gmt":"2022-02-23T10:06:00","guid":{"rendered":"https:\/\/www.toysoutlet.shop\/product\/bulldozer-d11-cat-telecommande\/"},"modified":"2022-02-23T11:06:01","modified_gmt":"2022-02-23T10:06:01","slug":"bulldozer-d11-cat-telecommande","status":"publish","type":"product","link":"https:\/\/www.toysoutlet.shop\/fr\/produit\/bulldozer-d11-cat-telecommande\/","title":{"rendered":"Bulldozer D11 Cat\u00ae t\u00e9l\u00e9command\u00e9"},"content":{"rendered":"<p>Bulldozer D11 Cat\u00ae t\u00e9l\u00e9command\u00e9 (42131) <\/p>\n","protected":false},"excerpt":{"rendered":"<p>Bulldozer D11 Cat\u00ae t\u00e9l\u00e9command\u00e9 (42131)<\/p>\n","protected":false},"featured_media":14465,"comment_status":"open","ping_status":"closed","template":"","meta":[],"_links":{"self":[{"href":"https:\/\/www.toysoutlet.shop\/fr\/wp-json\/wp\/v2\/product\/14466"}],"collection":[{"href":"https:\/\/www.toysoutlet.shop\/fr\/wp-json\/wp\/v2\/product"}],"about":[{"href":"https:\/\/www.toysoutlet.shop\/fr\/wp-json\/wp\/v2\/types\/product"}],"replies":[{"embeddable":true,"href":"https:\/\/www.toysoutlet.shop\/fr\/wp-json\/wp\/v2\/comments?post=14466"}],"wp:featuredmedia":[{"embeddable":true,"href":"https:\/\/www.toysoutlet.shop\/fr\/wp-json\/wp\/v2\/media\/14465"}],"wp:attachment":[{"href":"https:\/\/www.toysoutlet.shop\/fr\/wp-json\/wp\/v2\/media?parent=14466"}],"curies":[{"name":"wp","href":"https:\/\/api.w.org\/{rel}","templated":true}]}}