{"id":13990,"date":"2020-12-09T10:45:27","date_gmt":"2020-12-09T09:45:27","guid":{"rendered":"https:\/\/www.toysoutlet.shop\/product\/lecons-dequitation\/"},"modified":"2020-12-09T10:45:27","modified_gmt":"2020-12-09T09:45:27","slug":"lecons-dequitation","status":"publish","type":"product","link":"https:\/\/www.toysoutlet.shop\/fr\/produit\/lecons-dequitation\/","title":{"rendered":"le\u00e7ons d&#8217;\u00e9quitation"},"content":{"rendered":"<p>le\u00e7ons d&#8217;\u00e9quitation<\/p>\n","protected":false},"excerpt":{"rendered":"<p>le\u00e7ons d&#8217;\u00e9quitation<\/p>\n","protected":false},"featured_media":13870,"comment_status":"open","ping_status":"closed","template":"","meta":[],"_links":{"self":[{"href":"https:\/\/www.toysoutlet.shop\/fr\/wp-json\/wp\/v2\/product\/13990"}],"collection":[{"href":"https:\/\/www.toysoutlet.shop\/fr\/wp-json\/wp\/v2\/product"}],"about":[{"href":"https:\/\/www.toysoutlet.shop\/fr\/wp-json\/wp\/v2\/types\/product"}],"replies":[{"embeddable":true,"href":"https:\/\/www.toysoutlet.shop\/fr\/wp-json\/wp\/v2\/comments?post=13990"}],"wp:featuredmedia":[{"embeddable":true,"href":"https:\/\/www.toysoutlet.shop\/fr\/wp-json\/wp\/v2\/media\/13870"}],"wp:attachment":[{"href":"https:\/\/www.toysoutlet.shop\/fr\/wp-json\/wp\/v2\/media?parent=13990"}],"curies":[{"name":"wp","href":"https:\/\/api.w.org\/{rel}","templated":true}]}}