{"id":13757,"date":"2020-11-30T11:45:03","date_gmt":"2020-11-30T10:45:03","guid":{"rendered":"https:\/\/www.toysoutlet.shop\/product\/vehicule-de-cross-country-assemble\/"},"modified":"2020-11-30T11:45:03","modified_gmt":"2020-11-30T10:45:03","slug":"vehicule-de-cross-country-assemble","status":"publish","type":"product","link":"https:\/\/www.toysoutlet.shop\/fr\/produit\/vehicule-de-cross-country-assemble\/","title":{"rendered":"V\u00e9hicule de Cross-country Assembl\u00e9"},"content":{"rendered":"<p>V\u00e9hicule de Cross-country Assembl\u00e9 (3900)<\/p>\n","protected":false},"excerpt":{"rendered":"<p>V\u00e9hicule de Cross-country Assembl\u00e9 (3900)<\/p>\n","protected":false},"featured_media":13591,"comment_status":"open","ping_status":"closed","template":"","meta":[],"_links":{"self":[{"href":"https:\/\/www.toysoutlet.shop\/fr\/wp-json\/wp\/v2\/product\/13757"}],"collection":[{"href":"https:\/\/www.toysoutlet.shop\/fr\/wp-json\/wp\/v2\/product"}],"about":[{"href":"https:\/\/www.toysoutlet.shop\/fr\/wp-json\/wp\/v2\/types\/product"}],"replies":[{"embeddable":true,"href":"https:\/\/www.toysoutlet.shop\/fr\/wp-json\/wp\/v2\/comments?post=13757"}],"wp:featuredmedia":[{"embeddable":true,"href":"https:\/\/www.toysoutlet.shop\/fr\/wp-json\/wp\/v2\/media\/13591"}],"wp:attachment":[{"href":"https:\/\/www.toysoutlet.shop\/fr\/wp-json\/wp\/v2\/media?parent=13757"}],"curies":[{"name":"wp","href":"https:\/\/api.w.org\/{rel}","templated":true}]}}