{"id":13738,"date":"2020-11-30T11:44:54","date_gmt":"2020-11-30T10:44:54","guid":{"rendered":"https:\/\/www.toysoutlet.shop\/product\/puzzle-avecformes-a-emboiter\/"},"modified":"2020-11-30T11:44:54","modified_gmt":"2020-11-30T10:44:54","slug":"puzzle-avecformes-a-emboiter","status":"publish","type":"product","link":"https:\/\/www.toysoutlet.shop\/fr\/produit\/puzzle-avecformes-a-emboiter\/","title":{"rendered":"puzzle avecformes \u00e0 embo\u00efter"},"content":{"rendered":"<p>puzzle avecformes \u00e0 embo\u00efter (80033)<\/p>\n","protected":false},"excerpt":{"rendered":"<p>puzzle avecformes \u00e0 embo\u00efter (80033)<\/p>\n","protected":false},"featured_media":13553,"comment_status":"open","ping_status":"closed","template":"","meta":[],"_links":{"self":[{"href":"https:\/\/www.toysoutlet.shop\/fr\/wp-json\/wp\/v2\/product\/13738"}],"collection":[{"href":"https:\/\/www.toysoutlet.shop\/fr\/wp-json\/wp\/v2\/product"}],"about":[{"href":"https:\/\/www.toysoutlet.shop\/fr\/wp-json\/wp\/v2\/types\/product"}],"replies":[{"embeddable":true,"href":"https:\/\/www.toysoutlet.shop\/fr\/wp-json\/wp\/v2\/comments?post=13738"}],"wp:featuredmedia":[{"embeddable":true,"href":"https:\/\/www.toysoutlet.shop\/fr\/wp-json\/wp\/v2\/media\/13553"}],"wp:attachment":[{"href":"https:\/\/www.toysoutlet.shop\/fr\/wp-json\/wp\/v2\/media?parent=13738"}],"curies":[{"name":"wp","href":"https:\/\/api.w.org\/{rel}","templated":true}]}}