{"id":13694,"date":"2020-11-30T11:44:34","date_gmt":"2020-11-30T10:44:34","guid":{"rendered":"https:\/\/www.toysoutlet.shop\/product\/decouverte-magnetique-boite-dextension\/"},"modified":"2020-11-30T11:44:34","modified_gmt":"2020-11-30T10:44:34","slug":"decouverte-magnetique-boite-dextension","status":"publish","type":"product","link":"https:\/\/www.toysoutlet.shop\/fr\/produit\/decouverte-magnetique-boite-dextension\/","title":{"rendered":"D\u00e9couverte magn\u00e9tique, Boite D&#8217;extension"},"content":{"rendered":"<p>D\u00e9couverte magn\u00e9tique, Boite D&#8217;extension (SMX106)<\/p>\n","protected":false},"excerpt":{"rendered":"<p>D\u00e9couverte magn\u00e9tique, Boite D&#8217;extension (SMX106)<\/p>\n","protected":false},"featured_media":13466,"comment_status":"open","ping_status":"closed","template":"","meta":[],"_links":{"self":[{"href":"https:\/\/www.toysoutlet.shop\/fr\/wp-json\/wp\/v2\/product\/13694"}],"collection":[{"href":"https:\/\/www.toysoutlet.shop\/fr\/wp-json\/wp\/v2\/product"}],"about":[{"href":"https:\/\/www.toysoutlet.shop\/fr\/wp-json\/wp\/v2\/types\/product"}],"replies":[{"embeddable":true,"href":"https:\/\/www.toysoutlet.shop\/fr\/wp-json\/wp\/v2\/comments?post=13694"}],"wp:featuredmedia":[{"embeddable":true,"href":"https:\/\/www.toysoutlet.shop\/fr\/wp-json\/wp\/v2\/media\/13466"}],"wp:attachment":[{"href":"https:\/\/www.toysoutlet.shop\/fr\/wp-json\/wp\/v2\/media?parent=13694"}],"curies":[{"name":"wp","href":"https:\/\/api.w.org\/{rel}","templated":true}]}}