{"id":13692,"date":"2020-11-30T11:44:32","date_gmt":"2020-11-30T10:44:32","guid":{"rendered":"https:\/\/www.toysoutlet.shop\/product\/decouverte-magnetiqueprojet-spatial\/"},"modified":"2020-11-30T11:44:32","modified_gmt":"2020-11-30T10:44:32","slug":"decouverte-magnetiqueprojet-spatial","status":"publish","type":"product","link":"https:\/\/www.toysoutlet.shop\/fr\/produit\/decouverte-magnetiqueprojet-spatial\/","title":{"rendered":"D\u00e9couverte magn\u00e9tique,Projet Spatial"},"content":{"rendered":"<p>D\u00e9couverte magn\u00e9tique,Projet Spatial (SMX211)<\/p>\n","protected":false},"excerpt":{"rendered":"<p>D\u00e9couverte magn\u00e9tique,Projet Spatial (SMX211)<\/p>\n","protected":false},"featured_media":13462,"comment_status":"open","ping_status":"closed","template":"","meta":[],"_links":{"self":[{"href":"https:\/\/www.toysoutlet.shop\/fr\/wp-json\/wp\/v2\/product\/13692"}],"collection":[{"href":"https:\/\/www.toysoutlet.shop\/fr\/wp-json\/wp\/v2\/product"}],"about":[{"href":"https:\/\/www.toysoutlet.shop\/fr\/wp-json\/wp\/v2\/types\/product"}],"replies":[{"embeddable":true,"href":"https:\/\/www.toysoutlet.shop\/fr\/wp-json\/wp\/v2\/comments?post=13692"}],"wp:featuredmedia":[{"embeddable":true,"href":"https:\/\/www.toysoutlet.shop\/fr\/wp-json\/wp\/v2\/media\/13462"}],"wp:attachment":[{"href":"https:\/\/www.toysoutlet.shop\/fr\/wp-json\/wp\/v2\/media?parent=13692"}],"curies":[{"name":"wp","href":"https:\/\/api.w.org\/{rel}","templated":true}]}}