{"id":13691,"date":"2020-11-30T11:44:31","date_gmt":"2020-11-30T10:44:31","guid":{"rendered":"https:\/\/www.toysoutlet.shop\/product\/decouverte-magnetique-pick-up\/"},"modified":"2020-11-30T11:44:31","modified_gmt":"2020-11-30T10:44:31","slug":"decouverte-magnetique-pick-up","status":"publish","type":"product","link":"https:\/\/www.toysoutlet.shop\/fr\/produit\/decouverte-magnetique-pick-up\/","title":{"rendered":"D\u00e9couverte magn\u00e9tique, Pick up"},"content":{"rendered":"<p>D\u00e9couverte magn\u00e9tique, Pick up (SMX114)<\/p>\n","protected":false},"excerpt":{"rendered":"<p>D\u00e9couverte magn\u00e9tique, Pick up (SMX114)<\/p>\n","protected":false},"featured_media":13460,"comment_status":"open","ping_status":"closed","template":"","meta":[],"_links":{"self":[{"href":"https:\/\/www.toysoutlet.shop\/fr\/wp-json\/wp\/v2\/product\/13691"}],"collection":[{"href":"https:\/\/www.toysoutlet.shop\/fr\/wp-json\/wp\/v2\/product"}],"about":[{"href":"https:\/\/www.toysoutlet.shop\/fr\/wp-json\/wp\/v2\/types\/product"}],"replies":[{"embeddable":true,"href":"https:\/\/www.toysoutlet.shop\/fr\/wp-json\/wp\/v2\/comments?post=13691"}],"wp:featuredmedia":[{"embeddable":true,"href":"https:\/\/www.toysoutlet.shop\/fr\/wp-json\/wp\/v2\/media\/13460"}],"wp:attachment":[{"href":"https:\/\/www.toysoutlet.shop\/fr\/wp-json\/wp\/v2\/media?parent=13691"}],"curies":[{"name":"wp","href":"https:\/\/api.w.org\/{rel}","templated":true}]}}