{"id":13689,"date":"2020-11-30T11:44:31","date_gmt":"2020-11-30T10:44:31","guid":{"rendered":"https:\/\/www.toysoutlet.shop\/product\/decouverte-magnetique-bulldozer\/"},"modified":"2020-11-30T11:44:31","modified_gmt":"2020-11-30T10:44:31","slug":"decouverte-magnetique-bulldozer","status":"publish","type":"product","link":"https:\/\/www.toysoutlet.shop\/fr\/produit\/decouverte-magnetique-bulldozer\/","title":{"rendered":"D\u00e9couverte magn\u00e9tique, Bulldozer"},"content":{"rendered":"<p>D\u00e9couverte magn\u00e9tique, Bulldozer (SMX112)<\/p>\n","protected":false},"excerpt":{"rendered":"<p>D\u00e9couverte magn\u00e9tique, Bulldozer (SMX112)<\/p>\n","protected":false},"featured_media":13456,"comment_status":"open","ping_status":"closed","template":"","meta":[],"_links":{"self":[{"href":"https:\/\/www.toysoutlet.shop\/fr\/wp-json\/wp\/v2\/product\/13689"}],"collection":[{"href":"https:\/\/www.toysoutlet.shop\/fr\/wp-json\/wp\/v2\/product"}],"about":[{"href":"https:\/\/www.toysoutlet.shop\/fr\/wp-json\/wp\/v2\/types\/product"}],"replies":[{"embeddable":true,"href":"https:\/\/www.toysoutlet.shop\/fr\/wp-json\/wp\/v2\/comments?post=13689"}],"wp:featuredmedia":[{"embeddable":true,"href":"https:\/\/www.toysoutlet.shop\/fr\/wp-json\/wp\/v2\/media\/13456"}],"wp:attachment":[{"href":"https:\/\/www.toysoutlet.shop\/fr\/wp-json\/wp\/v2\/media?parent=13689"}],"curies":[{"name":"wp","href":"https:\/\/api.w.org\/{rel}","templated":true}]}}