{"id":13678,"date":"2020-11-30T11:44:26","date_gmt":"2020-11-30T10:44:26","guid":{"rendered":"https:\/\/www.toysoutlet.shop\/product\/barbie-construis-et-joue-journee-a-la-plage\/"},"modified":"2020-11-30T11:44:26","modified_gmt":"2020-11-30T10:44:26","slug":"barbie-construis-et-joue-journee-a-la-plage","status":"publish","type":"product","link":"https:\/\/www.toysoutlet.shop\/fr\/produit\/barbie-construis-et-joue-journee-a-la-plage\/","title":{"rendered":"Barbie, Construis et Joue Journ\u00e9e \u00e0 la plage"},"content":{"rendered":"<p>Barbie, Construis et Joue Journ\u00e9e \u00e0 la plage (AF802871A)<\/p>\n","protected":false},"excerpt":{"rendered":"<p>Barbie, Construis et Joue Journ\u00e9e \u00e0 la plage (AF802871A)<\/p>\n","protected":false},"featured_media":13434,"comment_status":"open","ping_status":"closed","template":"","meta":[],"_links":{"self":[{"href":"https:\/\/www.toysoutlet.shop\/fr\/wp-json\/wp\/v2\/product\/13678"}],"collection":[{"href":"https:\/\/www.toysoutlet.shop\/fr\/wp-json\/wp\/v2\/product"}],"about":[{"href":"https:\/\/www.toysoutlet.shop\/fr\/wp-json\/wp\/v2\/types\/product"}],"replies":[{"embeddable":true,"href":"https:\/\/www.toysoutlet.shop\/fr\/wp-json\/wp\/v2\/comments?post=13678"}],"wp:featuredmedia":[{"embeddable":true,"href":"https:\/\/www.toysoutlet.shop\/fr\/wp-json\/wp\/v2\/media\/13434"}],"wp:attachment":[{"href":"https:\/\/www.toysoutlet.shop\/fr\/wp-json\/wp\/v2\/media?parent=13678"}],"curies":[{"name":"wp","href":"https:\/\/api.w.org\/{rel}","templated":true}]}}