{"id":13227,"date":"2020-11-26T16:02:32","date_gmt":"2020-11-26T16:02:32","guid":{"rendered":"http:\/\/test.toysoutlet.be\/product\/laser-epee-2-cotes\/"},"modified":"2020-11-26T16:02:32","modified_gmt":"2020-11-26T16:02:32","slug":"laser-epee-2-cotes","status":"publish","type":"product","link":"https:\/\/www.toysoutlet.shop\/fr\/produit\/laser-epee-2-cotes\/","title":{"rendered":"laser \u00e9p\u00e9e 2 c\u00f4t\u00e9s"},"content":{"rendered":"<p>laser \u00e9p\u00e9e 2 c\u00f4t\u00e9s (710003)<\/p>\n","protected":false},"excerpt":{"rendered":"<p>laser \u00e9p\u00e9e 2 c\u00f4t\u00e9s (710003)<\/p>\n","protected":false},"featured_media":13027,"comment_status":"open","ping_status":"closed","template":"","meta":[],"_links":{"self":[{"href":"https:\/\/www.toysoutlet.shop\/fr\/wp-json\/wp\/v2\/product\/13227"}],"collection":[{"href":"https:\/\/www.toysoutlet.shop\/fr\/wp-json\/wp\/v2\/product"}],"about":[{"href":"https:\/\/www.toysoutlet.shop\/fr\/wp-json\/wp\/v2\/types\/product"}],"replies":[{"embeddable":true,"href":"https:\/\/www.toysoutlet.shop\/fr\/wp-json\/wp\/v2\/comments?post=13227"}],"wp:featuredmedia":[{"embeddable":true,"href":"https:\/\/www.toysoutlet.shop\/fr\/wp-json\/wp\/v2\/media\/13027"}],"wp:attachment":[{"href":"https:\/\/www.toysoutlet.shop\/fr\/wp-json\/wp\/v2\/media?parent=13227"}],"curies":[{"name":"wp","href":"https:\/\/api.w.org\/{rel}","templated":true}]}}