{"id":12783,"date":"2020-11-26T14:33:04","date_gmt":"2020-11-26T14:33:04","guid":{"rendered":"http:\/\/test.toysoutlet.be\/product\/decore-la-chambre-a-ton-image\/"},"modified":"2020-11-26T14:33:04","modified_gmt":"2020-11-26T14:33:04","slug":"decore-la-chambre-a-ton-image","status":"publish","type":"product","link":"https:\/\/www.toysoutlet.shop\/fr\/produit\/decore-la-chambre-a-ton-image\/","title":{"rendered":"d\u00e9core la chambre \u00e0 ton image"},"content":{"rendered":"<p>d\u00e9core la chambre \u00e0 ton image (35651)<\/p>\n","protected":false},"excerpt":{"rendered":"<p>d\u00e9core la chambre \u00e0 ton image (35651)<\/p>\n","protected":false},"featured_media":12784,"comment_status":"open","ping_status":"closed","template":"","meta":[],"_links":{"self":[{"href":"https:\/\/www.toysoutlet.shop\/fr\/wp-json\/wp\/v2\/product\/12783"}],"collection":[{"href":"https:\/\/www.toysoutlet.shop\/fr\/wp-json\/wp\/v2\/product"}],"about":[{"href":"https:\/\/www.toysoutlet.shop\/fr\/wp-json\/wp\/v2\/types\/product"}],"replies":[{"embeddable":true,"href":"https:\/\/www.toysoutlet.shop\/fr\/wp-json\/wp\/v2\/comments?post=12783"}],"wp:featuredmedia":[{"embeddable":true,"href":"https:\/\/www.toysoutlet.shop\/fr\/wp-json\/wp\/v2\/media\/12784"}],"wp:attachment":[{"href":"https:\/\/www.toysoutlet.shop\/fr\/wp-json\/wp\/v2\/media?parent=12783"}],"curies":[{"name":"wp","href":"https:\/\/api.w.org\/{rel}","templated":true}]}}