{"id":12775,"date":"2020-11-26T14:33:02","date_gmt":"2020-11-26T13:33:02","guid":{"rendered":"http:\/\/test.toysoutlet.be\/product\/reussirez-vous-a-eliminer-vos-100-adversaires\/"},"modified":"2021-04-01T10:53:07","modified_gmt":"2021-04-01T08:53:07","slug":"reussirez-vous-a-eliminer-vos-100-adversaires","status":"publish","type":"product","link":"https:\/\/www.toysoutlet.shop\/fr\/produit\/reussirez-vous-a-eliminer-vos-100-adversaires\/","title":{"rendered":"r\u00e9ussirez-vous \u00e0 \u00e9liminer vos 100 adversaires"},"content":{"rendered":"<p>r\u00e9ussirez-vous \u00e0 \u00e9liminer vos 100 adversaires (1061)<\/p>\n","protected":false},"excerpt":{"rendered":"<p>r\u00e9ussirez-vous \u00e0 \u00e9liminer vos 100 adversaires (1061)<\/p>\n","protected":false},"featured_media":12776,"comment_status":"open","ping_status":"closed","template":"","meta":[],"_links":{"self":[{"href":"https:\/\/www.toysoutlet.shop\/fr\/wp-json\/wp\/v2\/product\/12775"}],"collection":[{"href":"https:\/\/www.toysoutlet.shop\/fr\/wp-json\/wp\/v2\/product"}],"about":[{"href":"https:\/\/www.toysoutlet.shop\/fr\/wp-json\/wp\/v2\/types\/product"}],"replies":[{"embeddable":true,"href":"https:\/\/www.toysoutlet.shop\/fr\/wp-json\/wp\/v2\/comments?post=12775"}],"wp:featuredmedia":[{"embeddable":true,"href":"https:\/\/www.toysoutlet.shop\/fr\/wp-json\/wp\/v2\/media\/12776"}],"wp:attachment":[{"href":"https:\/\/www.toysoutlet.shop\/fr\/wp-json\/wp\/v2\/media?parent=12775"}],"curies":[{"name":"wp","href":"https:\/\/api.w.org\/{rel}","templated":true}]}}