{"id":12427,"date":"2020-11-25T14:23:51","date_gmt":"2020-11-25T14:23:51","guid":{"rendered":"http:\/\/test.toysoutlet.be\/product\/prepare-et-deguste-de-delecieuses-boissons-a-base-de-mouse-de-lait\/"},"modified":"2020-11-25T14:23:51","modified_gmt":"2020-11-25T14:23:51","slug":"prepare-et-deguste-de-delecieuses-boissons-a-base-de-mouse-de-lait","status":"publish","type":"product","link":"https:\/\/www.toysoutlet.shop\/fr\/produit\/prepare-et-deguste-de-delecieuses-boissons-a-base-de-mouse-de-lait\/","title":{"rendered":"Pr\u00e9pare et deguste de d\u00e9l\u00e9cieuses boissons \u00e0 base de mouse de lait"},"content":{"rendered":"<p>Pr\u00e9pare et deguste de d\u00e9l\u00e9cieuses boissons \u00e0 base de mouse de lait (82272)<\/p>\n","protected":false},"excerpt":{"rendered":"<p>Pr\u00e9pare et deguste de d\u00e9l\u00e9cieuses boissons \u00e0 base de mouse de lait (82272)<\/p>\n","protected":false},"featured_media":12277,"comment_status":"open","ping_status":"closed","template":"","meta":[],"_links":{"self":[{"href":"https:\/\/www.toysoutlet.shop\/fr\/wp-json\/wp\/v2\/product\/12427"}],"collection":[{"href":"https:\/\/www.toysoutlet.shop\/fr\/wp-json\/wp\/v2\/product"}],"about":[{"href":"https:\/\/www.toysoutlet.shop\/fr\/wp-json\/wp\/v2\/types\/product"}],"replies":[{"embeddable":true,"href":"https:\/\/www.toysoutlet.shop\/fr\/wp-json\/wp\/v2\/comments?post=12427"}],"wp:featuredmedia":[{"embeddable":true,"href":"https:\/\/www.toysoutlet.shop\/fr\/wp-json\/wp\/v2\/media\/12277"}],"wp:attachment":[{"href":"https:\/\/www.toysoutlet.shop\/fr\/wp-json\/wp\/v2\/media?parent=12427"}],"curies":[{"name":"wp","href":"https:\/\/api.w.org\/{rel}","templated":true}]}}