{"id":12426,"date":"2020-11-25T14:23:50","date_gmt":"2020-11-25T14:23:50","guid":{"rendered":"http:\/\/test.toysoutlet.be\/product\/pour-prepare-de-delicieux-nounoursa-la-guimave\/"},"modified":"2020-11-25T14:23:50","modified_gmt":"2020-11-25T14:23:50","slug":"pour-prepare-de-delicieux-nounoursa-la-guimave","status":"publish","type":"product","link":"https:\/\/www.toysoutlet.shop\/fr\/produit\/pour-prepare-de-delicieux-nounoursa-la-guimave\/","title":{"rendered":"Pour pr\u00e9pare de d\u00e9licieux nounours\u00e0 la guimave"},"content":{"rendered":"<p>Pour pr\u00e9pare de d\u00e9licieux nounours\u00e0 la guimave (82245)<\/p>\n","protected":false},"excerpt":{"rendered":"<p>Pour pr\u00e9pare de d\u00e9licieux nounours\u00e0 la guimave (82245)<\/p>\n","protected":false},"featured_media":12275,"comment_status":"open","ping_status":"closed","template":"","meta":[],"_links":{"self":[{"href":"https:\/\/www.toysoutlet.shop\/fr\/wp-json\/wp\/v2\/product\/12426"}],"collection":[{"href":"https:\/\/www.toysoutlet.shop\/fr\/wp-json\/wp\/v2\/product"}],"about":[{"href":"https:\/\/www.toysoutlet.shop\/fr\/wp-json\/wp\/v2\/types\/product"}],"replies":[{"embeddable":true,"href":"https:\/\/www.toysoutlet.shop\/fr\/wp-json\/wp\/v2\/comments?post=12426"}],"wp:featuredmedia":[{"embeddable":true,"href":"https:\/\/www.toysoutlet.shop\/fr\/wp-json\/wp\/v2\/media\/12275"}],"wp:attachment":[{"href":"https:\/\/www.toysoutlet.shop\/fr\/wp-json\/wp\/v2\/media?parent=12426"}],"curies":[{"name":"wp","href":"https:\/\/api.w.org\/{rel}","templated":true}]}}