{"id":12336,"date":"2020-11-25T14:23:17","date_gmt":"2020-11-25T14:23:17","guid":{"rendered":"http:\/\/test.toysoutlet.be\/product\/assemble-les-pieces-et-construis-un-4x4-fonctionnant-a-leau-salee\/"},"modified":"2022-11-02T15:30:53","modified_gmt":"2022-11-02T14:30:53","slug":"assemble-les-pieces-et-construis-un-4x4-fonctionnant-a-leau-salee","status":"publish","type":"product","link":"https:\/\/www.toysoutlet.shop\/fr\/produit\/assemble-les-pieces-et-construis-un-4x4-fonctionnant-a-leau-salee\/","title":{"rendered":"assemble les pieces et construis un 4&#215;4 fonctionnant \u00e0 l&#8217;eau sal\u00e9e"},"content":{"rendered":"<p>assemble les pieces et construis un 4&#215;4 fonctionnant \u00e0 l&#8217;eau sal\u00e9e (7504)<\/p>\n","protected":false},"excerpt":{"rendered":"<p>assemble les pieces et construis un 4&#215;4 fonctionnant \u00e0 l&#8217;eau sal\u00e9e (7504)<\/p>\n","protected":false},"featured_media":12139,"comment_status":"open","ping_status":"closed","template":"","meta":[],"_links":{"self":[{"href":"https:\/\/www.toysoutlet.shop\/fr\/wp-json\/wp\/v2\/product\/12336"}],"collection":[{"href":"https:\/\/www.toysoutlet.shop\/fr\/wp-json\/wp\/v2\/product"}],"about":[{"href":"https:\/\/www.toysoutlet.shop\/fr\/wp-json\/wp\/v2\/types\/product"}],"replies":[{"embeddable":true,"href":"https:\/\/www.toysoutlet.shop\/fr\/wp-json\/wp\/v2\/comments?post=12336"}],"wp:featuredmedia":[{"embeddable":true,"href":"https:\/\/www.toysoutlet.shop\/fr\/wp-json\/wp\/v2\/media\/12139"}],"wp:attachment":[{"href":"https:\/\/www.toysoutlet.shop\/fr\/wp-json\/wp\/v2\/media?parent=12336"}],"curies":[{"name":"wp","href":"https:\/\/api.w.org\/{rel}","templated":true}]}}