{"id":11568,"date":"2020-11-24T11:45:14","date_gmt":"2020-11-24T11:45:14","guid":{"rendered":"http:\/\/test.toysoutlet.be\/product\/premier-age-elephant-aui-chante-winfun\/"},"modified":"2020-11-24T11:45:14","modified_gmt":"2020-11-24T11:45:14","slug":"premier-age-elephant-aui-chante-winfun","status":"publish","type":"product","link":"https:\/\/www.toysoutlet.shop\/fr\/produit\/premier-age-elephant-aui-chante-winfun\/","title":{"rendered":"Premier age \u00e9l\u00e9phant aui chante winfun"},"content":{"rendered":"<p>Premier age \u00e9l\u00e9phant aui chante winfun (000695)<\/p>\n","protected":false},"excerpt":{"rendered":"<p>Premier age \u00e9l\u00e9phant aui chante winfun (000695)<\/p>\n","protected":false},"featured_media":11366,"comment_status":"open","ping_status":"closed","template":"","meta":[],"_links":{"self":[{"href":"https:\/\/www.toysoutlet.shop\/fr\/wp-json\/wp\/v2\/product\/11568"}],"collection":[{"href":"https:\/\/www.toysoutlet.shop\/fr\/wp-json\/wp\/v2\/product"}],"about":[{"href":"https:\/\/www.toysoutlet.shop\/fr\/wp-json\/wp\/v2\/types\/product"}],"replies":[{"embeddable":true,"href":"https:\/\/www.toysoutlet.shop\/fr\/wp-json\/wp\/v2\/comments?post=11568"}],"wp:featuredmedia":[{"embeddable":true,"href":"https:\/\/www.toysoutlet.shop\/fr\/wp-json\/wp\/v2\/media\/11366"}],"wp:attachment":[{"href":"https:\/\/www.toysoutlet.shop\/fr\/wp-json\/wp\/v2\/media?parent=11568"}],"curies":[{"name":"wp","href":"https:\/\/api.w.org\/{rel}","templated":true}]}}