{"id":11132,"date":"2020-11-23T15:29:54","date_gmt":"2020-11-23T15:29:54","guid":{"rendered":"http:\/\/test.toysoutlet.be\/product\/lego-disney-la-fete-dhiver-dans-le-chateau-de-belle\/"},"modified":"2020-11-23T15:29:54","modified_gmt":"2020-11-23T15:29:54","slug":"lego-disney-la-fete-dhiver-dans-le-chateau-de-belle","status":"publish","type":"product","link":"https:\/\/www.toysoutlet.shop\/fr\/produit\/lego-disney-la-fete-dhiver-dans-le-chateau-de-belle\/","title":{"rendered":"lego disney La f\u00eate d&#8217;hiver dans le ch\u00e2teau de Belle"},"content":{"rendered":"<p>lego disney La f\u00eate d&#8217;hiver dans le ch\u00e2teau de Belle (43180)<\/p>\n","protected":false},"excerpt":{"rendered":"<p>lego disney La f\u00eate d&#8217;hiver dans le ch\u00e2teau de Belle (43180)<\/p>\n","protected":false},"featured_media":11124,"comment_status":"open","ping_status":"closed","template":"","meta":[],"_links":{"self":[{"href":"https:\/\/www.toysoutlet.shop\/fr\/wp-json\/wp\/v2\/product\/11132"}],"collection":[{"href":"https:\/\/www.toysoutlet.shop\/fr\/wp-json\/wp\/v2\/product"}],"about":[{"href":"https:\/\/www.toysoutlet.shop\/fr\/wp-json\/wp\/v2\/types\/product"}],"replies":[{"embeddable":true,"href":"https:\/\/www.toysoutlet.shop\/fr\/wp-json\/wp\/v2\/comments?post=11132"}],"wp:featuredmedia":[{"embeddable":true,"href":"https:\/\/www.toysoutlet.shop\/fr\/wp-json\/wp\/v2\/media\/11124"}],"wp:attachment":[{"href":"https:\/\/www.toysoutlet.shop\/fr\/wp-json\/wp\/v2\/media?parent=11132"}],"curies":[{"name":"wp","href":"https:\/\/api.w.org\/{rel}","templated":true}]}}