{"id":11105,"date":"2020-11-23T14:53:40","date_gmt":"2020-11-23T14:53:40","guid":{"rendered":"http:\/\/test.toysoutlet.be\/product\/lego-city-le-train-de-marchandises-telecommande\/"},"modified":"2020-11-23T14:53:40","modified_gmt":"2020-11-23T14:53:40","slug":"lego-city-le-train-de-marchandises-telecommande","status":"publish","type":"product","link":"https:\/\/www.toysoutlet.shop\/fr\/produit\/lego-city-le-train-de-marchandises-telecommande\/","title":{"rendered":"lego city Le train de marchandises t\u00e9l\u00e9command\u00e9"},"content":{"rendered":"<p>lego city Le train de marchandises t\u00e9l\u00e9command\u00e9 (60198)<\/p>\n","protected":false},"excerpt":{"rendered":"<p>lego city Le train de marchandises t\u00e9l\u00e9command\u00e9 (60198)<\/p>\n","protected":false},"featured_media":11019,"comment_status":"open","ping_status":"closed","template":"","meta":[],"_links":{"self":[{"href":"https:\/\/www.toysoutlet.shop\/fr\/wp-json\/wp\/v2\/product\/11105"}],"collection":[{"href":"https:\/\/www.toysoutlet.shop\/fr\/wp-json\/wp\/v2\/product"}],"about":[{"href":"https:\/\/www.toysoutlet.shop\/fr\/wp-json\/wp\/v2\/types\/product"}],"replies":[{"embeddable":true,"href":"https:\/\/www.toysoutlet.shop\/fr\/wp-json\/wp\/v2\/comments?post=11105"}],"wp:featuredmedia":[{"embeddable":true,"href":"https:\/\/www.toysoutlet.shop\/fr\/wp-json\/wp\/v2\/media\/11019"}],"wp:attachment":[{"href":"https:\/\/www.toysoutlet.shop\/fr\/wp-json\/wp\/v2\/media?parent=11105"}],"curies":[{"name":"wp","href":"https:\/\/api.w.org\/{rel}","templated":true}]}}