{"id":11086,"date":"2020-11-23T14:38:22","date_gmt":"2020-11-23T14:53:35","guid":{"rendered":"http:\/\/test.toysoutlet.be\/product\/lego-frozen-2-la-creation-de-la-boite-a-bijoux-delsa\/"},"modified":"2020-11-23T15:14:00","modified_gmt":"2020-11-23T15:14:00","slug":"lego-frozen-2-la-creation-de-la-boite-a-bijoux-delsa","status":"publish","type":"product","link":"https:\/\/www.toysoutlet.shop\/fr\/produit\/lego-frozen-2-la-creation-de-la-boite-a-bijoux-delsa\/","title":{"rendered":"lego Frozen 2 &#8211; La cr\u00e9ation de la bo\u00eete \u00e0 bijoux d&#8217;Elsa"},"content":{"rendered":"<p>lego Frozen 2 &#8211; La cr\u00e9ation de la bo\u00eete \u00e0 bijoux d&#8217;Elsa (41168)<\/p>\n","protected":false},"excerpt":{"rendered":"<p>lego Frozen 2 &#8211; La cr\u00e9ation de la bo\u00eete \u00e0 bijoux d&#8217;Elsa (41168)<\/p>\n","protected":false},"featured_media":11006,"comment_status":"open","ping_status":"closed","template":"","meta":[],"_links":{"self":[{"href":"https:\/\/www.toysoutlet.shop\/fr\/wp-json\/wp\/v2\/product\/11086"}],"collection":[{"href":"https:\/\/www.toysoutlet.shop\/fr\/wp-json\/wp\/v2\/product"}],"about":[{"href":"https:\/\/www.toysoutlet.shop\/fr\/wp-json\/wp\/v2\/types\/product"}],"replies":[{"embeddable":true,"href":"https:\/\/www.toysoutlet.shop\/fr\/wp-json\/wp\/v2\/comments?post=11086"}],"wp:featuredmedia":[{"embeddable":true,"href":"https:\/\/www.toysoutlet.shop\/fr\/wp-json\/wp\/v2\/media\/11006"}],"wp:attachment":[{"href":"https:\/\/www.toysoutlet.shop\/fr\/wp-json\/wp\/v2\/media?parent=11086"}],"curies":[{"name":"wp","href":"https:\/\/api.w.org\/{rel}","templated":true}]}}