{"id":11040,"date":"2020-11-23T14:38:11","date_gmt":"2020-11-23T14:53:24","guid":{"rendered":"http:\/\/test.toysoutlet.be\/product\/lego-friends-le-cube-de-jeu-dete-de-stephanie\/"},"modified":"2020-11-23T14:53:24","modified_gmt":"2020-11-23T14:53:24","slug":"lego-friends-le-cube-de-jeu-dete-de-stephanie","status":"publish","type":"product","link":"https:\/\/www.toysoutlet.shop\/fr\/produit\/lego-friends-le-cube-de-jeu-dete-de-stephanie\/","title":{"rendered":"lego friends Le cube de jeu d&#8217;\u00e9t\u00e9 de St\u00e9phanie"},"content":{"rendered":"<p>lego friends Le cube de jeu d&#8217;\u00e9t\u00e9 de St\u00e9phanie (41411)<\/p>\n","protected":false},"excerpt":{"rendered":"<p>lego friends Le cube de jeu d&#8217;\u00e9t\u00e9 de St\u00e9phanie (41411)<\/p>\n","protected":false},"featured_media":10962,"comment_status":"open","ping_status":"closed","template":"","meta":[],"_links":{"self":[{"href":"https:\/\/www.toysoutlet.shop\/fr\/wp-json\/wp\/v2\/product\/11040"}],"collection":[{"href":"https:\/\/www.toysoutlet.shop\/fr\/wp-json\/wp\/v2\/product"}],"about":[{"href":"https:\/\/www.toysoutlet.shop\/fr\/wp-json\/wp\/v2\/types\/product"}],"replies":[{"embeddable":true,"href":"https:\/\/www.toysoutlet.shop\/fr\/wp-json\/wp\/v2\/comments?post=11040"}],"wp:featuredmedia":[{"embeddable":true,"href":"https:\/\/www.toysoutlet.shop\/fr\/wp-json\/wp\/v2\/media\/10962"}],"wp:attachment":[{"href":"https:\/\/www.toysoutlet.shop\/fr\/wp-json\/wp\/v2\/media?parent=11040"}],"curies":[{"name":"wp","href":"https:\/\/api.w.org\/{rel}","templated":true}]}}