{"id":11033,"date":"2020-11-23T14:53:23","date_gmt":"2020-11-23T14:53:23","guid":{"rendered":"http:\/\/test.toysoutlet.be\/product\/lego-friends-le-parc-aquatique-plaisirs-dete\/"},"modified":"2022-11-04T16:54:24","modified_gmt":"2022-11-04T15:54:24","slug":"lego-friends-le-parc-aquatique-plaisirs-dete","status":"publish","type":"product","link":"https:\/\/www.toysoutlet.shop\/fr\/produit\/lego-friends-le-parc-aquatique-plaisirs-dete\/","title":{"rendered":"lego friends Le parc aquatique Plaisirs d&#8217;\u00e9t\u00e9"},"content":{"rendered":"<p>lego friends Le parc aquatique Plaisirs d&#8217;\u00e9t\u00e9 (41430)<\/p>\n","protected":false},"excerpt":{"rendered":"<p>lego friends Le parc aquatique Plaisirs d&#8217;\u00e9t\u00e9 (41430)<\/p>\n","protected":false},"featured_media":10955,"comment_status":"open","ping_status":"closed","template":"","meta":[],"_links":{"self":[{"href":"https:\/\/www.toysoutlet.shop\/fr\/wp-json\/wp\/v2\/product\/11033"}],"collection":[{"href":"https:\/\/www.toysoutlet.shop\/fr\/wp-json\/wp\/v2\/product"}],"about":[{"href":"https:\/\/www.toysoutlet.shop\/fr\/wp-json\/wp\/v2\/types\/product"}],"replies":[{"embeddable":true,"href":"https:\/\/www.toysoutlet.shop\/fr\/wp-json\/wp\/v2\/comments?post=11033"}],"wp:featuredmedia":[{"embeddable":true,"href":"https:\/\/www.toysoutlet.shop\/fr\/wp-json\/wp\/v2\/media\/10955"}],"wp:attachment":[{"href":"https:\/\/www.toysoutlet.shop\/fr\/wp-json\/wp\/v2\/media?parent=11033"}],"curies":[{"name":"wp","href":"https:\/\/api.w.org\/{rel}","templated":true}]}}