{"id":14096,"date":"2020-12-18T13:17:52","date_gmt":"2020-12-18T12:17:52","guid":{"rendered":"https:\/\/www.toysoutlet.shop\/?page_id=14096"},"modified":"2022-11-07T15:22:55","modified_gmt":"2022-11-07T14:22:55","slug":"bienvenue-sur-toysoutlet-shop","status":"publish","type":"page","link":"https:\/\/www.toysoutlet.shop\/fr\/","title":{"rendered":"Bienvenue sur toysoutlet.shop"},"content":{"rendered":"\t\t<div data-elementor-type=\"wp-page\" data-elementor-id=\"14096\" class=\"elementor elementor-14096 elementor-14095\" data-elementor-settings=\"[]\">\n\t\t\t\t\t\t<div class=\"elementor-inner\">\n\t\t\t\t\t\t\t<div class=\"elementor-section-wrap\">\n\t\t\t\t\t\t\t<section class=\"elementor-section elementor-top-section elementor-element elementor-element-7eded428 elementor-section-content-top elementor-section-stretched elementor-section-boxed elementor-section-height-default elementor-section-height-default\" data-id=\"7eded428\" data-element_type=\"section\" data-settings=\"{&quot;stretch_section&quot;:&quot;section-stretched&quot;}\">\n\t\t\t\t\t\t\t<div class=\"elementor-background-overlay\"><\/div>\n\t\t\t\t\t\t\t<div class=\"elementor-container elementor-column-gap-default\">\n\t\t\t\t\t\t\t<div class=\"elementor-row\">\n\t\t\t\t\t<div class=\"elementor-column elementor-col-100 elementor-top-column elementor-element elementor-element-702f5ef4\" data-id=\"702f5ef4\" data-element_type=\"column\">\n\t\t\t<div class=\"elementor-column-wrap elementor-element-populated\">\n\t\t\t\t\t\t\t<div class=\"elementor-widget-wrap\">\n\t\t\t\t\t\t<div class=\"elementor-element elementor-element-01e6adf elementor-widget elementor-widget-text-editor\" data-id=\"01e6adf\" data-element_type=\"widget\" data-widget_type=\"text-editor.default\">\n\t\t\t\t<div class=\"elementor-widget-container\">\n\t\t\t\t\t<div class=\"elementor-text-editor elementor-clearfix\"><p><strong>AVIS :<\/strong> La commande en ligne n&#8217;est temporairement pas possible. La boutique en ligne sera mise \u00e0 jour et sera bient\u00f4t de nouveau disponible. <strong>Vous \u00eates toujours les bienvenus dans notre magasin d&#8217;usine &#8220;physique&#8221; \u00e0 Wevelgem.<\/strong><\/p><\/div>\n\t\t\t\t<\/div>\n\t\t\t\t<\/div>\n\t\t\t\t<div class=\"elementor-element elementor-element-376a85e1 elementor-align-justify elementor-widget elementor-widget-button\" data-id=\"376a85e1\" data-element_type=\"widget\" data-widget_type=\"button.default\">\n\t\t\t\t<div class=\"elementor-widget-container\">\n\t\t\t\t\t<div class=\"elementor-button-wrapper\">\n\t\t\t<a href=\"https:\/\/www.toysoutlet.fr\" class=\"elementor-button-link elementor-button elementor-size-xl\" role=\"button\">\n\t\t\t\t\t\t<span class=\"elementor-button-content-wrapper\">\n\t\t\t\t\t\t<span class=\"elementor-button-text\">Consultez les heures d'ouverture de notre magasin \u00e0 Wevelgem<\/span>\n\t\t<\/span>\n\t\t\t\t\t<\/a>\n\t\t<\/div>\n\t\t\t\t<\/div>\n\t\t\t\t<\/div>\n\t\t\t\t\t\t<\/div>\n\t\t\t\t\t<\/div>\n\t\t<\/div>\n\t\t\t\t\t\t\t\t<\/div>\n\t\t\t\t\t<\/div>\n\t\t<\/section>\n\t\t\t\t<section class=\"elementor-section elementor-top-section elementor-element elementor-element-8b1a626 elementor-section-content-top elementor-section-stretched elementor-section-boxed elementor-section-height-default elementor-section-height-default\" data-id=\"8b1a626\" data-element_type=\"section\" data-settings=\"{&quot;stretch_section&quot;:&quot;section-stretched&quot;}\">\n\t\t\t\t\t\t\t<div class=\"elementor-background-overlay\"><\/div>\n\t\t\t\t\t\t\t<div class=\"elementor-container elementor-column-gap-default\">\n\t\t\t\t\t\t\t<div class=\"elementor-row\">\n\t\t\t\t\t<div class=\"elementor-column elementor-col-100 elementor-top-column elementor-element elementor-element-fa76da8\" data-id=\"fa76da8\" data-element_type=\"column\">\n\t\t\t<div class=\"elementor-column-wrap elementor-element-populated\">\n\t\t\t\t\t\t\t<div class=\"elementor-widget-wrap\">\n\t\t\t\t\t\t<div class=\"elementor-element elementor-element-be2cc59 elementor-widget elementor-widget-uneno_products_block\" data-id=\"be2cc59\" data-element_type=\"widget\" data-widget_type=\"uneno_products_block.default\">\n\t\t\t\t<div class=\"elementor-widget-container\">\n\t\t\t<section class=\"uneno-section uneno-products-block\" >\n    <div class=\"container\">\n        <div class=\"uneno-products-block__inner\">\n            <div class=\"uneno-section__header\"><h3 class=\"uneno-section__header--title\">Produits Nouveaux<\/h3><\/div><div class=\"woocommerce columns-4 \"><ul class=\"products columns-4\">\n<li class=\"product type-product post-14598 status-publish first instock product_cat-lego-speed-champions-fr has-post-thumbnail taxable shipping-taxable product-type-simple\">\n\t<div class=\"product__outer\">\n            <div class=\"product__inner\"><div class=\"product__header\"><\/a><\/div><!-- \/.product-header --><div class=\"product__body\"><div class=\"product__body--inner\"><span class=\"product__body--loop-product-categories\"><a href=\"https:\/\/www.toysoutlet.shop\/fr\/product-categorie\/lego_fr\/lego-speed-champions-fr\/\" rel=\"tag\">LEGO SPEED CHAMPIONS<\/a><\/span><a href=\"https:\/\/www.toysoutlet.shop\/fr\/produit\/mopar-dodge-srt-dragster-1970-dodge-challenger\/\" class=\"woocommerce-LoopProduct-link woocommerce-loop-product__link\"><\/a><\/div><!-- \/.product-body-inner --><\/div><!-- \/.product-body --><div class=\"product__footer\"><\/div><!-- \/.product-footer --><\/div><!-- \/.product-inner -->\n        <\/div><!-- \/.product-outer --><\/li>\n<li class=\"product type-product post-14595 status-publish instock product_cat-lego-speed-champions-fr has-post-thumbnail taxable shipping-taxable product-type-simple\">\n\t<div class=\"product__outer\">\n            <div class=\"product__inner\"><div class=\"product__header\"><\/a><\/div><!-- \/.product-header --><div class=\"product__body\"><div class=\"product__body--inner\"><span class=\"product__body--loop-product-categories\"><a href=\"https:\/\/www.toysoutlet.shop\/fr\/product-categorie\/lego_fr\/lego-speed-champions-fr\/\" rel=\"tag\">LEGO SPEED CHAMPIONS<\/a><\/span><a href=\"https:\/\/www.toysoutlet.shop\/fr\/produit\/chevrolet-corvette-c8-r-race-car-1968-chevrolet\/\" class=\"woocommerce-LoopProduct-link woocommerce-loop-product__link\"><\/a><\/div><!-- \/.product-body-inner --><\/div><!-- \/.product-body --><div class=\"product__footer\"><\/div><!-- \/.product-footer --><\/div><!-- \/.product-inner -->\n        <\/div><!-- \/.product-outer --><\/li>\n<li class=\"product type-product post-14592 status-publish instock product_cat-lego-speed-champions-fr has-post-thumbnail taxable shipping-taxable product-type-simple\">\n\t<div class=\"product__outer\">\n            <div class=\"product__inner\"><div class=\"product__header\"><\/a><\/div><!-- \/.product-header --><div class=\"product__body\"><div class=\"product__body--inner\"><span class=\"product__body--loop-product-categories\"><a href=\"https:\/\/www.toysoutlet.shop\/fr\/product-categorie\/lego_fr\/lego-speed-champions-fr\/\" rel=\"tag\">LEGO SPEED CHAMPIONS<\/a><\/span><a href=\"https:\/\/www.toysoutlet.shop\/fr\/produit\/speed-champions-toyota-gr-supra-2\/\" class=\"woocommerce-LoopProduct-link woocommerce-loop-product__link\"><\/a><\/div><!-- \/.product-body-inner --><\/div><!-- \/.product-body --><div class=\"product__footer\"><\/div><!-- \/.product-footer --><\/div><!-- \/.product-inner -->\n        <\/div><!-- \/.product-outer --><\/li>\n<li class=\"product type-product post-14589 status-publish last instock product_cat-lego-speed-champions-fr has-post-thumbnail taxable shipping-taxable product-type-simple\">\n\t<div class=\"product__outer\">\n            <div class=\"product__inner\"><div class=\"product__header\"><\/a><\/div><!-- \/.product-header --><div class=\"product__body\"><div class=\"product__body--inner\"><span class=\"product__body--loop-product-categories\"><a href=\"https:\/\/www.toysoutlet.shop\/fr\/product-categorie\/lego_fr\/lego-speed-champions-fr\/\" rel=\"tag\">LEGO SPEED CHAMPIONS<\/a><\/span><a href=\"https:\/\/www.toysoutlet.shop\/fr\/produit\/speed-champions-koenigsegg-jesko-2\/\" class=\"woocommerce-LoopProduct-link woocommerce-loop-product__link\"><\/a><\/div><!-- \/.product-body-inner --><\/div><!-- \/.product-body --><div class=\"product__footer\"><\/div><!-- \/.product-footer --><\/div><!-- \/.product-inner -->\n        <\/div><!-- \/.product-outer --><\/li>\n<li class=\"product type-product post-14586 status-publish first outofstock product_cat-lego-harry-potter_fr has-post-thumbnail taxable shipping-taxable product-type-simple\">\n\t<div class=\"product__outer\">\n            <div class=\"product__inner\"><div class=\"product__header\"><\/a><\/div><!-- \/.product-header --><div class=\"product__body\"><div class=\"product__body--inner\"><span class=\"product__body--loop-product-categories\"><a href=\"https:\/\/www.toysoutlet.shop\/fr\/product-categorie\/lego_fr\/lego-harry-potter_fr\/\" rel=\"tag\">LEGO HARRY POTTER<\/a><\/span><a href=\"https:\/\/www.toysoutlet.shop\/fr\/produit\/harry-potter-moment-le-cours-de-metamorphose\/\" class=\"woocommerce-LoopProduct-link woocommerce-loop-product__link\"><\/a><\/div><!-- \/.product-body-inner --><\/div><!-- \/.product-body --><div class=\"product__footer\"><\/div><!-- \/.product-footer --><\/div><!-- \/.product-inner -->\n        <\/div><!-- \/.product-outer --><\/li>\n<li class=\"product type-product post-14583 status-publish instock product_cat-lego-marvel-super-heroes_fr has-post-thumbnail taxable shipping-taxable product-type-simple\">\n\t<div class=\"product__outer\">\n            <div class=\"product__inner\"><div class=\"product__header\"><\/a><\/div><!-- \/.product-header --><div class=\"product__body\"><div class=\"product__body--inner\"><span class=\"product__body--loop-product-categories\"><a href=\"https:\/\/www.toysoutlet.shop\/fr\/product-categorie\/lego_fr\/lego-marvel-super-heroes_fr\/\" rel=\"tag\">LEGO MARVEL SUPER HEROES<\/a><\/span><a href=\"https:\/\/www.toysoutlet.shop\/fr\/produit\/tbd-lsh-4-2022\/\" class=\"woocommerce-LoopProduct-link woocommerce-loop-product__link\"><\/a><\/div><!-- \/.product-body-inner --><\/div><!-- \/.product-body --><div class=\"product__footer\"><\/div><!-- \/.product-footer --><\/div><!-- \/.product-inner -->\n        <\/div><!-- \/.product-outer --><\/li>\n<li class=\"product type-product post-14580 status-publish instock product_cat-lego-marvel-super-heroes_fr has-post-thumbnail taxable shipping-taxable product-type-simple\">\n\t<div class=\"product__outer\">\n            <div class=\"product__inner\"><div class=\"product__header\"><\/a><\/div><!-- \/.product-header --><div class=\"product__body\"><div class=\"product__body--inner\"><span class=\"product__body--loop-product-categories\"><a href=\"https:\/\/www.toysoutlet.shop\/fr\/product-categorie\/lego_fr\/lego-marvel-super-heroes_fr\/\" rel=\"tag\">LEGO MARVEL SUPER HEROES<\/a><\/span><a href=\"https:\/\/www.toysoutlet.shop\/fr\/produit\/batcave-the-riddler\/\" class=\"woocommerce-LoopProduct-link woocommerce-loop-product__link\"><\/a><\/div><!-- \/.product-body-inner --><\/div><!-- \/.product-body --><div class=\"product__footer\"><\/div><!-- \/.product-footer --><\/div><!-- \/.product-inner -->\n        <\/div><!-- \/.product-outer --><\/li>\n<li class=\"product type-product post-14577 status-publish last instock product_cat-lego-marvel-super-heroes_fr has-post-thumbnail taxable shipping-taxable product-type-simple\">\n\t<div class=\"product__outer\">\n            <div class=\"product__inner\"><div class=\"product__header\"><\/a><\/div><!-- \/.product-header --><div class=\"product__body\"><div class=\"product__body--inner\"><span class=\"product__body--loop-product-categories\"><a href=\"https:\/\/www.toysoutlet.shop\/fr\/product-categorie\/lego_fr\/lego-marvel-super-heroes_fr\/\" rel=\"tag\">LEGO MARVEL SUPER HEROES<\/a><\/span><a href=\"https:\/\/www.toysoutlet.shop\/fr\/produit\/tbd-lsh-14-2021\/\" class=\"woocommerce-LoopProduct-link woocommerce-loop-product__link\"><\/a><\/div><!-- \/.product-body-inner --><\/div><!-- \/.product-body --><div class=\"product__footer\"><\/div><!-- \/.product-footer --><\/div><!-- \/.product-inner -->\n        <\/div><!-- \/.product-outer --><\/li>\n<\/ul>\n<\/div>        <\/div>\n    <\/div>\n<\/section>\t\t<\/div>\n\t\t\t\t<\/div>\n\t\t\t\t<div class=\"elementor-element elementor-element-4359040 elementor-align-justify elementor-widget elementor-widget-button\" data-id=\"4359040\" data-element_type=\"widget\" data-widget_type=\"button.default\">\n\t\t\t\t<div class=\"elementor-widget-container\">\n\t\t\t\t\t<div class=\"elementor-button-wrapper\">\n\t\t\t<a href=\"\/fr\/product-categorie\/lego_fr\/?orderby=date\" class=\"elementor-button-link elementor-button elementor-size-xl\" role=\"button\">\n\t\t\t\t\t\t<span class=\"elementor-button-content-wrapper\">\n\t\t\t\t\t\t<span class=\"elementor-button-text\"> Voir tous les produits nouveaux<\/span>\n\t\t<\/span>\n\t\t\t\t\t<\/a>\n\t\t<\/div>\n\t\t\t\t<\/div>\n\t\t\t\t<\/div>\n\t\t\t\t\t\t<\/div>\n\t\t\t\t\t<\/div>\n\t\t<\/div>\n\t\t\t\t\t\t\t\t<\/div>\n\t\t\t\t\t<\/div>\n\t\t<\/section>\n\t\t\t\t<section class=\"elementor-section elementor-top-section elementor-element elementor-element-359419e elementor-section-content-top elementor-section-stretched elementor-section-boxed elementor-section-height-default elementor-section-height-default\" data-id=\"359419e\" data-element_type=\"section\" data-settings=\"{&quot;stretch_section&quot;:&quot;section-stretched&quot;}\">\n\t\t\t\t\t\t\t<div class=\"elementor-background-overlay\"><\/div>\n\t\t\t\t\t\t\t<div class=\"elementor-container elementor-column-gap-default\">\n\t\t\t\t\t\t\t<div class=\"elementor-row\">\n\t\t\t\t\t<div class=\"elementor-column elementor-col-100 elementor-top-column elementor-element elementor-element-d1e10bc\" data-id=\"d1e10bc\" data-element_type=\"column\">\n\t\t\t<div class=\"elementor-column-wrap elementor-element-populated\">\n\t\t\t\t\t\t\t<div class=\"elementor-widget-wrap\">\n\t\t\t\t\t\t<div class=\"elementor-element elementor-element-f0983e2 elementor-widget elementor-widget-uneno_products_block\" data-id=\"f0983e2\" data-element_type=\"widget\" data-widget_type=\"uneno_products_block.default\">\n\t\t\t\t<div class=\"elementor-widget-container\">\n\t\t\t<section class=\"uneno-section uneno-products-block\" >\n    <div class=\"container\">\n        <div class=\"uneno-products-block__inner\">\n            <div class=\"uneno-section__header\"><h3 class=\"uneno-section__header--title\"> TOP produits<\/h3><\/div><div class=\"woocommerce columns-4 \"><ul class=\"products columns-4\">\n<li class=\"product type-product post-12439 status-publish first instock product_cat-poupees has-post-thumbnail taxable shipping-taxable product-type-simple\">\n\t<div class=\"product__outer\">\n            <div class=\"product__inner\"><div class=\"product__header\"><\/a><\/div><!-- \/.product-header --><div class=\"product__body\"><div class=\"product__body--inner\"><span class=\"product__body--loop-product-categories\"><a href=\"https:\/\/www.toysoutlet.shop\/fr\/product-categorie\/poupees\/\" rel=\"tag\">POUPEES<\/a><\/span><a href=\"https:\/\/www.toysoutlet.shop\/fr\/produit\/barbie-maison-malibu\/\" class=\"woocommerce-LoopProduct-link woocommerce-loop-product__link\"><\/a><\/div><!-- \/.product-body-inner --><\/div><!-- \/.product-body --><div class=\"product__footer\"><\/div><!-- \/.product-footer --><\/div><!-- \/.product-inner -->\n        <\/div><!-- \/.product-outer --><\/li>\n<li class=\"product type-product post-13208 status-publish instock product_cat-poupees has-post-thumbnail taxable shipping-taxable product-type-simple\">\n\t<div class=\"product__outer\">\n            <div class=\"product__inner\"><div class=\"product__header\"><\/a><\/div><!-- \/.product-header --><div class=\"product__body\"><div class=\"product__body--inner\"><span class=\"product__body--loop-product-categories\"><a href=\"https:\/\/www.toysoutlet.shop\/fr\/product-categorie\/poupees\/\" rel=\"tag\">POUPEES<\/a><\/span><a href=\"https:\/\/www.toysoutlet.shop\/fr\/produit\/baby-alive-lilly-a-faim\/\" class=\"woocommerce-LoopProduct-link woocommerce-loop-product__link\"><\/a><\/div><!-- \/.product-body-inner --><\/div><!-- \/.product-body --><div class=\"product__footer\"><\/div><!-- \/.product-footer --><\/div><!-- \/.product-inner -->\n        <\/div><!-- \/.product-outer --><\/li>\n<li class=\"product type-product post-11626 status-publish instock product_cat-teleguides has-post-thumbnail taxable shipping-taxable product-type-simple\">\n\t<div class=\"product__outer\">\n            <div class=\"product__inner\"><div class=\"product__header\"><\/a><\/div><!-- \/.product-header --><div class=\"product__body\"><div class=\"product__body--inner\"><span class=\"product__body--loop-product-categories\"><a href=\"https:\/\/www.toysoutlet.shop\/fr\/product-categorie\/teleguides\/\" rel=\"tag\">TELEGUIDES<\/a><\/span><a href=\"https:\/\/www.toysoutlet.shop\/fr\/produit\/rc-audi-r8-lm5-2\/\" class=\"woocommerce-LoopProduct-link woocommerce-loop-product__link\"><\/a><\/div><!-- \/.product-body-inner --><\/div><!-- \/.product-body --><div class=\"product__footer\"><\/div><!-- \/.product-footer --><\/div><!-- \/.product-inner -->\n        <\/div><!-- \/.product-outer --><\/li>\n<li class=\"product type-product post-11078 status-publish last outofstock product_cat-lego-technic-fr has-post-thumbnail taxable shipping-taxable product-type-simple\">\n\t<div class=\"product__outer\">\n            <div class=\"product__inner\"><div class=\"product__header\"><\/a><\/div><!-- \/.product-header --><div class=\"product__body\"><div class=\"product__body--inner\"><span class=\"product__body--loop-product-categories\"><a href=\"https:\/\/www.toysoutlet.shop\/fr\/product-categorie\/lego_fr\/lego-technic-fr\/\" rel=\"tag\">LEGO TECHNIC<\/a><\/span><a href=\"https:\/\/www.toysoutlet.shop\/fr\/produit\/lego-technic-land-rover-defender-2\/\" class=\"woocommerce-LoopProduct-link woocommerce-loop-product__link\"><\/a><\/div><!-- \/.product-body-inner --><\/div><!-- \/.product-body --><div class=\"product__footer\"><\/div><!-- \/.product-footer --><\/div><!-- \/.product-inner -->\n        <\/div><!-- \/.product-outer --><\/li>\n<li class=\"product type-product post-10821 status-publish first instock product_cat-decembre-black product_cat-playmobil-fr has-post-thumbnail taxable shipping-taxable product-type-simple\">\n\t<div class=\"product__outer\">\n            <div class=\"product__inner\"><div class=\"product__header\"><\/a><\/div><!-- \/.product-header --><div class=\"product__body\"><div class=\"product__body--inner\"><span class=\"product__body--loop-product-categories\"><a href=\"https:\/\/www.toysoutlet.shop\/fr\/product-categorie\/decembre-black\/\" rel=\"tag\">D\u00c9CEMBRE BLACK<\/a>, <a href=\"https:\/\/www.toysoutlet.shop\/fr\/product-categorie\/playmobil-fr\/\" rel=\"tag\">PLAYMOBIL<\/a><\/span><a href=\"https:\/\/www.toysoutlet.shop\/fr\/produit\/playmobil-city-life-avionvoiture\/\" class=\"woocommerce-LoopProduct-link woocommerce-loop-product__link\"><\/a><\/div><!-- \/.product-body-inner --><\/div><!-- \/.product-body --><div class=\"product__footer\"><\/div><!-- \/.product-footer --><\/div><!-- \/.product-inner -->\n        <\/div><!-- \/.product-outer --><\/li>\n<li class=\"product type-product post-12416 status-publish instock product_cat-decembre-black product_cat-pat-patrouille has-post-thumbnail taxable shipping-taxable product-type-simple\">\n\t<div class=\"product__outer\">\n            <div class=\"product__inner\"><div class=\"product__header\"><\/a><\/div><!-- \/.product-header --><div class=\"product__body\"><div class=\"product__body--inner\"><span class=\"product__body--loop-product-categories\"><a href=\"https:\/\/www.toysoutlet.shop\/fr\/product-categorie\/decembre-black\/\" rel=\"tag\">D\u00c9CEMBRE BLACK<\/a>, <a href=\"https:\/\/www.toysoutlet.shop\/fr\/product-categorie\/pat-patrouille\/\" rel=\"tag\">PAT PATROUILLE<\/a><\/span><a href=\"https:\/\/www.toysoutlet.shop\/fr\/produit\/patpatrouille-mega-police\/\" class=\"woocommerce-LoopProduct-link woocommerce-loop-product__link\"><\/a><\/div><!-- \/.product-body-inner --><\/div><!-- \/.product-body --><div class=\"product__footer\"><\/div><!-- \/.product-footer --><\/div><!-- \/.product-inner -->\n        <\/div><!-- \/.product-outer --><\/li>\n<li class=\"product type-product post-12330 status-publish instock product_cat-lol_fr has-post-thumbnail taxable shipping-taxable product-type-simple\">\n\t<div class=\"product__outer\">\n            <div class=\"product__inner\"><div class=\"product__header\"><\/a><\/div><!-- \/.product-header --><div class=\"product__body\"><div class=\"product__body--inner\"><span class=\"product__body--loop-product-categories\"><a href=\"https:\/\/www.toysoutlet.shop\/fr\/product-categorie\/lol_fr\/\" rel=\"tag\">LOL<\/a><\/span><a href=\"https:\/\/www.toysoutlet.shop\/fr\/produit\/lol-la-maison\/\" class=\"woocommerce-LoopProduct-link woocommerce-loop-product__link\"><\/a><\/div><!-- \/.product-body-inner --><\/div><!-- \/.product-body --><div class=\"product__footer\"><\/div><!-- \/.product-footer --><\/div><!-- \/.product-inner -->\n        <\/div><!-- \/.product-outer --><\/li>\n<\/ul>\n<\/div>        <\/div>\n    <\/div>\n<\/section>\t\t<\/div>\n\t\t\t\t<\/div>\n\t\t\t\t<div class=\"elementor-element elementor-element-a6f9b30 elementor-align-justify elementor-widget elementor-widget-button\" data-id=\"a6f9b30\" data-element_type=\"widget\" data-widget_type=\"button.default\">\n\t\t\t\t<div class=\"elementor-widget-container\">\n\t\t\t\t\t<div class=\"elementor-button-wrapper\">\n\t\t\t<a href=\"\/fr\/boutique\/\" class=\"elementor-button-link elementor-button elementor-size-xl\" role=\"button\">\n\t\t\t\t\t\t<span class=\"elementor-button-content-wrapper\">\n\t\t\t\t\t\t<span class=\"elementor-button-text\"> Voir tous les produits<\/span>\n\t\t<\/span>\n\t\t\t\t\t<\/a>\n\t\t<\/div>\n\t\t\t\t<\/div>\n\t\t\t\t<\/div>\n\t\t\t\t\t\t<\/div>\n\t\t\t\t\t<\/div>\n\t\t<\/div>\n\t\t\t\t\t\t\t\t<\/div>\n\t\t\t\t\t<\/div>\n\t\t<\/section>\n\t\t\t\t\t\t<\/div>\n\t\t\t\t\t\t<\/div>\n\t\t\t\t\t<\/div>\n\t\t","protected":false},"excerpt":{"rendered":"<p>AVIS : La commande en ligne n&#8217;est temporairement pas possible. La boutique en ligne sera mise \u00e0 jour et sera bient\u00f4t de nouveau disponible. Vous \u00eates toujours les bienvenus dans notre magasin d&#8217;usine &#8220;physique&#8221; \u00e0 Wevelgem. Consultez les heures d&#8217;ouverture de notre magasin \u00e0 Wevelgem Produits Nouveaux LEGO SPEED CHAMPIONS [&hellip;]<\/p>\n","protected":false},"author":1,"featured_media":0,"parent":0,"menu_order":0,"comment_status":"closed","ping_status":"closed","template":"elementor_header_footer","meta":[],"_links":{"self":[{"href":"https:\/\/www.toysoutlet.shop\/fr\/wp-json\/wp\/v2\/pages\/14096"}],"collection":[{"href":"https:\/\/www.toysoutlet.shop\/fr\/wp-json\/wp\/v2\/pages"}],"about":[{"href":"https:\/\/www.toysoutlet.shop\/fr\/wp-json\/wp\/v2\/types\/page"}],"author":[{"embeddable":true,"href":"https:\/\/www.toysoutlet.shop\/fr\/wp-json\/wp\/v2\/users\/1"}],"replies":[{"embeddable":true,"href":"https:\/\/www.toysoutlet.shop\/fr\/wp-json\/wp\/v2\/comments?post=14096"}],"version-history":[{"count":30,"href":"https:\/\/www.toysoutlet.shop\/fr\/wp-json\/wp\/v2\/pages\/14096\/revisions"}],"predecessor-version":[{"id":14715,"href":"https:\/\/www.toysoutlet.shop\/fr\/wp-json\/wp\/v2\/pages\/14096\/revisions\/14715"}],"wp:attachment":[{"href":"https:\/\/www.toysoutlet.shop\/fr\/wp-json\/wp\/v2\/media?parent=14096"}],"curies":[{"name":"wp","href":"https:\/\/api.w.org\/{rel}","templated":true}]}}