{"id":10046,"date":"2020-11-15T10:33:03","date_gmt":"2020-11-15T10:33:03","guid":{"rendered":"http:\/\/test.toysoutlet.be\/registration-b2b\/"},"modified":"2020-11-22T14:00:02","modified_gmt":"2020-11-22T14:00:02","slug":"registration-b2b","status":"publish","type":"page","link":"https:\/\/www.toysoutlet.shop\/fr\/registration-b2b\/","title":{"rendered":"Inscription B2B"},"content":{"rendered":"\n<p>Souhaitez-vous acheter des produits chez nous en tant qu&#8217;entreprise? Aucun probl\u00e8me. Inscrivez-vous en tant que client et remplissez le formulaire ci-dessous. Nous cr\u00e9erons votre compte B2B dans les plus brefs d\u00e9lais.<\/p>\n\n\n<div class=\"wpforms-container wpforms-container-full\" id=\"wpforms-10269\"><form id=\"wpforms-form-10269\" class=\"wpforms-validate wpforms-form\" data-formid=\"10269\" method=\"post\" enctype=\"multipart\/form-data\" action=\"\/fr\/wp-json\/wp\/v2\/pages\/10046\" data-token=\"00753fbb03e487146362a239d37c8b89\"><noscript class=\"wpforms-error-noscript\">Veuillez activer JavaScript dans votre navigateur pour remplir ce formulaire.<\/noscript><div class=\"wpforms-field-container\"><div id=\"wpforms-10269-field_1-container\" class=\"wpforms-field wpforms-field-text\" data-field-id=\"1\"><label class=\"wpforms-field-label\" for=\"wpforms-10269-field_1\"> Nom de la compagnie: <span class=\"wpforms-required-label\">*<\/span><\/label><input type=\"text\" id=\"wpforms-10269-field_1\" class=\"wpforms-field-medium wpforms-field-required\" name=\"wpforms[fields][1]\" required><\/div><div id=\"wpforms-10269-field_9-container\" class=\"wpforms-field wpforms-field-email\" data-field-id=\"9\"><label class=\"wpforms-field-label\" for=\"wpforms-10269-field_9\">Adresse email <span class=\"wpforms-required-label\">*<\/span><\/label><input type=\"email\" id=\"wpforms-10269-field_9\" class=\"wpforms-field-medium wpforms-field-required\" name=\"wpforms[fields][9]\" required><\/div><div id=\"wpforms-10269-field_8-container\" class=\"wpforms-field wpforms-field-text\" data-field-id=\"8\"><label class=\"wpforms-field-label\" for=\"wpforms-10269-field_8\">Site Internet:<\/label><input type=\"text\" id=\"wpforms-10269-field_8\" class=\"wpforms-field-medium\" name=\"wpforms[fields][8]\" ><\/div><div id=\"wpforms-10269-field_2-container\" class=\"wpforms-field wpforms-field-text\" data-field-id=\"2\"><label class=\"wpforms-field-label\" for=\"wpforms-10269-field_2\">Num\u00e9ro +  rue  <span class=\"wpforms-required-label\">*<\/span><\/label><input type=\"text\" id=\"wpforms-10269-field_2\" class=\"wpforms-field-medium wpforms-field-required\" name=\"wpforms[fields][2]\" required><\/div><div id=\"wpforms-10269-field_3-container\" class=\"wpforms-field wpforms-field-text\" data-field-id=\"3\"><label class=\"wpforms-field-label\" for=\"wpforms-10269-field_3\">Code postal + Ville <span class=\"wpforms-required-label\">*<\/span><\/label><input type=\"text\" id=\"wpforms-10269-field_3\" class=\"wpforms-field-medium wpforms-field-required\" name=\"wpforms[fields][3]\" required><\/div><div id=\"wpforms-10269-field_4-container\" class=\"wpforms-field wpforms-field-text\" data-field-id=\"4\"><label class=\"wpforms-field-label\" for=\"wpforms-10269-field_4\">Pays <span class=\"wpforms-required-label\">*<\/span><\/label><input type=\"text\" id=\"wpforms-10269-field_4\" class=\"wpforms-field-medium wpforms-field-required\" name=\"wpforms[fields][4]\" required><\/div><div id=\"wpforms-10269-field_5-container\" class=\"wpforms-field wpforms-field-text\" data-field-id=\"5\"><label class=\"wpforms-field-label\" for=\"wpforms-10269-field_5\">Num\u00e9ro TVA <span class=\"wpforms-required-label\">*<\/span><\/label><input type=\"text\" id=\"wpforms-10269-field_5\" class=\"wpforms-field-medium wpforms-field-required\" name=\"wpforms[fields][5]\" required><\/div><div id=\"wpforms-10269-field_6-container\" class=\"wpforms-field wpforms-field-textarea\" data-field-id=\"6\"><label class=\"wpforms-field-label\" for=\"wpforms-10269-field_6\">D\u00e9crivez bri\u00e8vement vos activit\u00e9s: <span class=\"wpforms-required-label\">*<\/span><\/label><textarea id=\"wpforms-10269-field_6\" class=\"wpforms-field-medium wpforms-field-required\" name=\"wpforms[fields][6]\" required><\/textarea><\/div><\/div><div class=\"wpforms-submit-container\" ><input type=\"hidden\" name=\"wpforms[id]\" value=\"10269\"><input type=\"hidden\" name=\"wpforms[author]\" value=\"1\"><button type=\"submit\" name=\"wpforms[submit]\" class=\"wpforms-submit \" id=\"wpforms-submit-10269\" value=\"wpforms-submit\" aria-live=\"assertive\" data-alt-text=\"Sending...\" data-submit-text=\" S&#039;inscrire\"> S&#039;inscrire<\/button><\/div><\/form><\/div>  <!-- .wpforms-container -->","protected":false},"excerpt":{"rendered":"<p>Souhaitez-vous acheter des produits chez nous en tant qu&#8217;entreprise? Aucun probl\u00e8me. Inscrivez-vous en tant que client et remplissez le formulaire ci-dessous. Nous cr\u00e9erons votre compte B2B dans les plus brefs d\u00e9lais.<\/p>\n","protected":false},"author":1,"featured_media":0,"parent":0,"menu_order":0,"comment_status":"closed","ping_status":"closed","template":"","meta":[],"_links":{"self":[{"href":"https:\/\/www.toysoutlet.shop\/fr\/wp-json\/wp\/v2\/pages\/10046"}],"collection":[{"href":"https:\/\/www.toysoutlet.shop\/fr\/wp-json\/wp\/v2\/pages"}],"about":[{"href":"https:\/\/www.toysoutlet.shop\/fr\/wp-json\/wp\/v2\/types\/page"}],"author":[{"embeddable":true,"href":"https:\/\/www.toysoutlet.shop\/fr\/wp-json\/wp\/v2\/users\/1"}],"replies":[{"embeddable":true,"href":"https:\/\/www.toysoutlet.shop\/fr\/wp-json\/wp\/v2\/comments?post=10046"}],"version-history":[{"count":5,"href":"https:\/\/www.toysoutlet.shop\/fr\/wp-json\/wp\/v2\/pages\/10046\/revisions"}],"predecessor-version":[{"id":10270,"href":"https:\/\/www.toysoutlet.shop\/fr\/wp-json\/wp\/v2\/pages\/10046\/revisions\/10270"}],"wp:attachment":[{"href":"https:\/\/www.toysoutlet.shop\/fr\/wp-json\/wp\/v2\/media?parent=10046"}],"curies":[{"name":"wp","href":"https:\/\/api.w.org\/{rel}","templated":true}]}}